{"id":225,"date":"2025-04-26T15:33:00","date_gmt":"2025-04-26T15:33:00","guid":{"rendered":"https:\/\/imardgroup.com\/web\/?page_id=225"},"modified":"2025-10-01T13:31:36","modified_gmt":"2025-10-01T13:31:36","slug":"research-icbt","status":"publish","type":"page","link":"https:\/\/imardgroup.com\/web\/research-icbt\/","title":{"rendered":"Digital interventions for depression and anxiety"},"content":{"rendered":"\n<h2 class=\"wp-block-heading\"><strong>Digital interventions for depression and anxiety<\/strong><\/h2>\n\n\n\n<p><\/p>\n\n\n\n<div class=\"wp-block-columns is-layout-flex wp-container-core-columns-is-layout-9d6595d7 wp-block-columns-is-layout-flex\">\n<div class=\"wp-block-column is-layout-flow wp-block-column-is-layout-flow\" style=\"flex-basis:33.33%\">\n<figure class=\"wp-block-image size-full\"><img decoding=\"async\" src=\"https:\/\/imardgroup.com\/web\/wp-content\/uploads\/2025\/09\/10f90ae8-351e-44a4-9d7d-894fbb9180ee-e1758616299129.png\" alt=\"\" class=\"wp-image-424\"\/><\/figure>\n<\/div>\n\n\n\n<div class=\"wp-block-column is-layout-flow wp-block-column-is-layout-flow\" style=\"flex-basis:66.66%\">\n<p>We design, implement, and evaluate internet-based cognitive behavioural therapy (iCBT) programs to expand access to evidence-based mental health treatments. Delivering therapy online not only helps overcome barriers such as distance, stigma, or limited availability of trained clinicians but also ensures standardized delivery of interventions. This format allows us to reach a broader and more diverse population while maintaining high quality and fidelity in treatment.<\/p>\n\n\n\n<p>At the same time, the digital setting provides a unique opportunity to study which interventions work best for which individuals. By combining clinical and neurobiological data, we investigate predictors of treatment response and aim to personalize therapies accordingly. Current projects include randomized clinical trials in obsessive\u2013compulsive disorder as well as the development of a program tailored to the specific needs of university students and researchers, bridging clinical innovation with real-world impact.<\/p>\n<\/div>\n<\/div>\n\n\n<div class=\"wp-block-image\">\n<figure class=\"aligncenter size-large is-resized\"><img loading=\"lazy\" decoding=\"async\" width=\"1024\" height=\"110\" src=\"https:\/\/imardgroup.com\/web\/wp-content\/uploads\/2025\/09\/4925274-e1759143848375-1024x110.png\" alt=\"\" class=\"wp-image-565\" style=\"width:633px;height:auto\"\/><\/figure>\n<\/div>\n\n\n<p><\/p>\n\n\n\n<h3 class=\"wp-block-heading\"><em>Last news:<\/em><\/h3>\n\n\n\n<p><\/p>\n\n\n      <div id=\"post-grid-lazy-479\" class=\"post-grid-lazy\"><img decoding=\"async\" alt=\"\" src=\"\" \/><\/div>\n    <script>\n      jQuery('#post-grid-lazy-479').ready(function($) {\n        $('#post-grid-lazy-479').fadeOut();\n        $('#post-grid-479   ').fadeIn();\n      })\n    <\/script>\n    <style type=\"text\/css\">\n      #post-grid-479 {\n        display: none;\n      }\n\n      .post-grid-lazy {\n        text-align: center;\n      }\n    <\/style>\n    <div data-options='{&quot;id&quot;:&quot;479&quot;,&quot;lazy_load&quot;:&quot;yes&quot;,&quot;masonry_enable&quot;:&quot;no&quot;,&quot;view_type&quot;:&quot;grid&quot;}' id=\"post-grid-479\" class=\"post-grid grid\">\n    \n\n\n    <div class=\"grid-items\">\n      <div class=\"item item-818 skin flat even 0 \">\n        <div class=\"layer-wrapper layout-\">\n        <div class=\"layer-media\"><\/div>\n  <div class=\"layer-content\">\n        <div\r\n        class=\"element element_0  element-media \">\r\n        <a target=\"_self\" href=\"https:\/\/www.aulaclinic.com\/media\/upload\/pdf\/\/251121b_i_jornadas_de_psiquiatria_digital_23_enero_2026_eva_editora_3_1337_1.pdf\"><img loading=\"lazy\" decoding=\"async\" width=\"375\" height=\"225\" src=\"https:\/\/imardgroup.com\/web\/wp-content\/uploads\/2025\/12\/251121b_i_jornadas_de_psiquiatria_digital_23_enero_2026_eva_editora_3_1337_1.png\" class=\"attachment-large size-large wp-post-image\" alt=\"\" \/><\/a>    <\/div>\r\n    <div class=\"element element_1  title_link \">\r\n                    <a target=\"\"\r\n                href=\"https:\/\/www.aulaclinic.com\/media\/upload\/pdf\/\/251121b_i_jornadas_de_psiquiatria_digital_23_enero_2026_eva_editora_3_1337_1.pdf\">I Jornada de Psiquiatr\u00eda Digital (23 de enero de 2026)<\/a>\r\n            <\/div>\r\n    <div class=\"element element_2  excerpt \">\r\n        Para conocer las nuevas tecnolog\u00edas digitales e inteligencia artificial en salud mental, con la participaci\u00f3n, entre otros, de Joaquim Radu\u00e0.            <\/div>\r\n            <a class=\"element element_3  read_more \"\r\n            target=\"\"\r\n            href=\"https:\/\/www.aulaclinic.com\/media\/upload\/pdf\/\/251121b_i_jornadas_de_psiquiatria_digital_23_enero_2026_eva_editora_3_1337_1.pdf\"><\/a>\r\n      <\/div>\n    <\/div>\n  <\/div><div class=\"item item-631 skin flat odd 1 \">\n        <div class=\"layer-wrapper layout-\">\n        <div class=\"layer-media\"><\/div>\n  <div class=\"layer-content\">\n        <div\r\n        class=\"element element_0  element-media \">\r\n        <a target=\"_self\" href=\"https:\/\/icbt.cat\/academia\/\"><img loading=\"lazy\" decoding=\"async\" width=\"375\" height=\"225\" src=\"https:\/\/imardgroup.com\/web\/wp-content\/uploads\/2025\/09\/1753275753101.png\" class=\"attachment-large size-large wp-post-image\" alt=\"\" \/><\/a>    <\/div>\r\n    <div class=\"element element_1  title_link \">\r\n                    <a target=\"\"\r\n                href=\"https:\/\/icbt.cat\/academia\/\">Intervenci\u00f3n breve para el bienestar emocional de la comunidad universitaria y de investigaci\u00f3n<\/a>\r\n            <\/div>\r\n    <div class=\"element element_2  excerpt \">\r\n        Estamos realizando un estudio para evaluar la efectividad de una intervenci\u00f3n psicol\u00f3gica breve a trav\u00e9s de una web para mejorar            <\/div>\r\n            <a class=\"element element_3  read_more \"\r\n            target=\"\"\r\n            href=\"https:\/\/icbt.cat\/academia\/\"><\/a>\r\n      <\/div>\n    <\/div>\n  <\/div><div class=\"item item-624 skin flat even 2 \">\n        <div class=\"layer-wrapper layout-\">\n        <div class=\"layer-media\"><\/div>\n  <div class=\"layer-content\">\n        <div\r\n        class=\"element element_0  element-media \">\r\n        <a target=\"_self\" href=\"https:\/\/icbt.cat\/academia\/\"><img loading=\"lazy\" decoding=\"async\" width=\"375\" height=\"225\" src=\"https:\/\/imardgroup.com\/web\/wp-content\/uploads\/2025\/09\/1753275753101.png\" class=\"attachment-large size-large wp-post-image\" alt=\"\" \/><\/a>    <\/div>\r\n    <div class=\"element element_1  title_link \">\r\n                    <a target=\"\"\r\n                href=\"https:\/\/icbt.cat\/academia\/\">Intervenci\u00f3 breu per al benestar emocional de la comunitat universit\u00e0ria i de recerca<\/a>\r\n            <\/div>\r\n    <div class=\"element element_2  excerpt \">\r\n        Estem realitzant un estudi per a avaluar l\u2019efectivitat d\u2019una\u00a0intervenci\u00f3 psicol\u00f2gica breu\u00a0a trav\u00e9s d\u2019una web per a\u00a0millorar el benestar emocional...            <\/div>\r\n            <a class=\"element element_3  read_more \"\r\n            target=\"\"\r\n            href=\"https:\/\/icbt.cat\/academia\/\"><\/a>\r\n      <\/div>\n    <\/div>\n  <\/div>    <\/div>\n    <div class=\"pagination\">\n      <div class=\"paginate\">\n      <\/div>\n  <style type=\"text\/css\">\n    #post-grid-479 .pagination .page-numbers {\n      font-size: 16px;\n      color: #fff;\n      background: #646464;\n    }\n\n    #post-grid-479 .pagination .page-numbers:hover,\n    #post-grid-479 .pagination .page-numbers.current {\n      background: #4b4b4b;\n    }\n  <\/style>\n  <\/div>\n      <script>\n          <\/script>\n    <style type=\"text\/css\">\n    #post-grid-479 .element_0 {\n      display: block;font-size: 21px;line-height: normal;padding: 5px 10px;text-align: left; text-decoration: none;    }\n\n    #post-grid-479 .element_1 {\n      display: block;font-size: 21px;line-height: normal;padding: 5px 10px;text-align: left; text-decoration: none;    }\n\n    #post-grid-479 .element_2 {\n      display: block;font-size: 14px;padding: 5px 10px;text-align: left;    }\n\n    #post-grid-479 .element_3 {\n      display: block;font-size: 12px;font-weight: bold;padding: 0 10px;text-align: left;text-decoration: none;    }\n\n    #post-grid-479 .element_0:hover{}#post-grid-479 .element_1:hover{}#post-grid-479 .element_2:hover{}#post-grid-479 .element_3:hover{}  <\/style>\n  <style type=\"text\/css\">\n    #post-grid-479 {\n          }\n\n    #post-grid-479 .item {\n      padding: 0px;\n      background: #fff;\n          }\n\n    #post-grid-479 .item .layer-media {\n      height:auto;    }\n\n    @media only screen and (min-width: 0px) and (max-width: 767px) {\n      #post-grid-479 .grid-items {\n        display: grid;\n        grid-template-columns: 1fr ;\n        column-gap: 10px;\n        row-gap: 10px;\n              }\n\n      #post-grid-479 .item {\n        height:auto;      }\n    }\n\n    @media only screen and (min-width: 768px) and (max-width: 1023px) {\n      #post-grid-479 .grid-items {\n        display: grid;\n        grid-template-columns: 1fr 1fr ;\n        column-gap: 10px;\n        row-gap: 10px;\n              }\n\n      #post-grid-479 .item {\n        max-height:auto;      }\n    }\n\n    @media only screen and (min-width: 1024px) {\n      #post-grid-479 .grid-items {\n        display: grid;\n        grid-template-columns: 1fr 1fr 1fr ;\n        column-gap: 10px;\n        row-gap: 10px;\n              }\n\n      #post-grid-479 .item {\n        height:auto;      }\n    }\n\n      <\/style>\n  <\/div>\n\n","protected":false},"excerpt":{"rendered":"<p>Digital interventions for depression and anxiety We design, implement, and evaluate internet-based cognitive behavioural therapy (iCBT) programs to expand access to evidence-based mental health treatments. Delivering therapy online not only helps overcome barriers such as distance, stigma, or limited availability of trained clinicians but also ensures standardized delivery of interventions. This format allows us to&#8230;<\/p>\n","protected":false},"author":1,"featured_media":0,"parent":0,"menu_order":0,"comment_status":"closed","ping_status":"closed","template":"","meta":{"_kad_post_transparent":"","_kad_post_title":"hide","_kad_post_layout":"","_kad_post_sidebar_id":"","_kad_post_content_style":"","_kad_post_vertical_padding":"","_kad_post_feature":"","_kad_post_feature_position":"","_kad_post_header":false,"_kad_post_footer":false,"_kad_post_classname":"","footnotes":"","_links_to":"","_links_to_target":""},"folder":[38],"class_list":["post-225","page","type-page","status-publish","hentry"],"_links":{"self":[{"href":"https:\/\/imardgroup.com\/web\/wp-json\/wp\/v2\/pages\/225","targetHints":{"allow":["GET"]}}],"collection":[{"href":"https:\/\/imardgroup.com\/web\/wp-json\/wp\/v2\/pages"}],"about":[{"href":"https:\/\/imardgroup.com\/web\/wp-json\/wp\/v2\/types\/page"}],"author":[{"embeddable":true,"href":"https:\/\/imardgroup.com\/web\/wp-json\/wp\/v2\/users\/1"}],"replies":[{"embeddable":true,"href":"https:\/\/imardgroup.com\/web\/wp-json\/wp\/v2\/comments?post=225"}],"version-history":[{"count":0,"href":"https:\/\/imardgroup.com\/web\/wp-json\/wp\/v2\/pages\/225\/revisions"}],"wp:attachment":[{"href":"https:\/\/imardgroup.com\/web\/wp-json\/wp\/v2\/media?parent=225"}],"wp:term":[{"taxonomy":"folder","embeddable":true,"href":"https:\/\/imardgroup.com\/web\/wp-json\/wp\/v2\/folder?post=225"}],"curies":[{"name":"wp","href":"https:\/\/api.w.org\/{rel}","templated":true}]}}