{"id":28,"date":"2025-04-23T14:22:05","date_gmt":"2025-04-23T14:22:05","guid":{"rendered":"https:\/\/imardgroup.com\/web\/?page_id=28"},"modified":"2025-10-10T08:47:30","modified_gmt":"2025-10-10T08:47:30","slug":"home-es","status":"publish","type":"page","link":"https:\/\/imardgroup.com\/web\/es\/home-es\/","title":{"rendered":"Inicio"},"content":{"rendered":"\n<h2 class=\"wp-block-heading\">Imagen de los trastornos relacionados con el estado de \u00e1nimo y la ansiedad (IMARD)<\/h2>\n\n\n\n<div class=\"wp-block-group is-content-justification-center is-nowrap is-layout-flex wp-container-core-group-is-layout-94bc23d7 wp-block-group-is-layout-flex\">\n<figure class=\"wp-block-video hero-video\"><video height=\"320\" style=\"aspect-ratio: 1280 \/ 320;\" width=\"1280\" autoplay loop muted src=\"https:\/\/imardgroup.com\/web\/wp-content\/uploads\/2025\/10\/Imard-Web-Main-2.mp4\" playsinline><\/video><\/figure>\n<\/div>\n\n\n\n<p class=\"has-text-align-right\"><em>&#8220;Queremos determinar el mejor tratamiento&nbsp;<\/em><em>para cada persona utilizando neuroimagen&#8221;<\/em><\/p>\n\n\n\n<div class=\"wp-block-media-text has-media-on-the-right is-stacked-on-mobile\" style=\"margin-top:var(--wp--preset--spacing--50);margin-bottom:var(--wp--preset--spacing--50);grid-template-columns:auto 21%\"><div class=\"wp-block-media-text__content\">\n<p>  &nbsp;Los trastornos del estado de \u00e1nimo y de ansiedad est\u00e1n entre las principales causas de discapacidad. Aproximadamente una de cada cuatro personas sufrir\u00e1 uno de estos trastornos a lo largo de su vida. Y, desafortunadamente, los tratamientos disponibles hoy en d\u00eda solo ayudan a la mitad de los afectados, siendo a menudo necesario recurrir al ensayo y error para encontrar el tratamiento adecuado. Por ello, necesitamos indicadores fiables, objetivos y v\u00e1lidos que nos permitan predecir desde el principio la respuesta del cuerpo a un tratamiento. Solo de esta manera podremos recomendar el tratamiento correcto a cada paciente.<\/p>\n<\/div><figure class=\"wp-block-media-text__media\"><img decoding=\"async\" src=\"https:\/\/imardgroup.com\/web\/wp-content\/uploads\/2025\/09\/cfce6542-d738-4f99-9431-c6b383f27649.png\" alt=\"\" class=\"wp-image-395 size-full\"\/><\/figure><\/div>\n\n\n<div class=\"wp-block-image\">\n<figure class=\"aligncenter size-large is-resized\"><img loading=\"lazy\" decoding=\"async\" width=\"1024\" height=\"110\" src=\"https:\/\/imardgroup.com\/web\/wp-content\/uploads\/2025\/09\/4925274-e1759143848375-1024x110.png\" alt=\"\" class=\"wp-image-565\" style=\"width:633px;height:auto\"\/><\/figure>\n<\/div>\n\n\n<div class=\"wp-block-media-text is-stacked-on-mobile\" style=\"grid-template-columns:21% auto\"><figure class=\"wp-block-media-text__media\"><img decoding=\"async\" src=\"https:\/\/imardgroup.com\/web\/wp-content\/uploads\/2025\/09\/image.png\" alt=\"\" class=\"wp-image-367 size-full\"\/><\/figure><div class=\"wp-block-media-text__content\">\n<p>&nbsp; &nbsp; La investigaci\u00f3n del grupo IMARD tiene dos objetivos: identificar los cambios en el cerebro implicados en los trastornos del estado de \u00e1nimo y de ansiedad, y determinar los mecanismos cerebrales que predicen qui\u00e9n responder\u00e1 mejor o peor a diferentes tratamientos. Para lograr estos objetivos, el grupo utiliza diversas t\u00e9cnicas de neuroimagen (como la resonancia magn\u00e9tica cerebral), que a menudo se combinan con t\u00e9cnicas de inteligencia artificial.<\/p>\n<\/div><\/div>\n\n\n<div class=\"wp-block-image\">\n<figure class=\"aligncenter size-large is-resized\"><img loading=\"lazy\" decoding=\"async\" width=\"1024\" height=\"110\" src=\"https:\/\/imardgroup.com\/web\/wp-content\/uploads\/2025\/09\/4925274-e1759143848375-1024x110.png\" alt=\"\" class=\"wp-image-565\" style=\"width:633px;height:auto\"\/><\/figure>\n<\/div>\n\n\n<p><\/p>\n\n\n\n<h3 class=\"wp-block-heading\"><em>\u00daltimas noticias:<\/em><\/h3>\n\n\n\n<p><\/p>\n\n\n      <div id=\"post-grid-lazy-377\" class=\"post-grid-lazy\"><img decoding=\"async\" alt=\"\" src=\"\" \/><\/div>\n    <script>\n      jQuery('#post-grid-lazy-377').ready(function($) {\n        $('#post-grid-lazy-377').fadeOut();\n        $('#post-grid-377   ').fadeIn();\n      })\n    <\/script>\n    <style type=\"text\/css\">\n      #post-grid-377 {\n        display: none;\n      }\n\n      .post-grid-lazy {\n        text-align: center;\n      }\n    <\/style>\n    <div data-options='{&quot;id&quot;:&quot;377&quot;,&quot;lazy_load&quot;:&quot;yes&quot;,&quot;masonry_enable&quot;:&quot;no&quot;,&quot;view_type&quot;:&quot;grid&quot;}' id=\"post-grid-377\" class=\"post-grid grid\">\n    \n\n\n    <div class=\"grid-items\">\n      <div class=\"item item-847 skin flat even 0 \">\n        <div class=\"layer-wrapper layout-\">\n        <div class=\"layer-media\"><\/div>\n  <div class=\"layer-content\">\n        <div\r\n        class=\"element element_0  element-media \">\r\n        <a target=\"_self\" href=\"https:\/\/cosmocaixa.org\/es\/p\/bcnspiracy-2025\"><img loading=\"lazy\" decoding=\"async\" width=\"1024\" height=\"576\" src=\"https:\/\/imardgroup.com\/web\/wp-content\/uploads\/2025\/12\/deprisco_imard_bcnspiracy.pptx-1024x576.png\" class=\"attachment-large size-large wp-post-image\" alt=\"\" \/><\/a>    <\/div>\r\n    <div class=\"element element_1  title_link \">\r\n                    <a target=\"\"\r\n                href=\"https:\/\/cosmocaixa.org\/es\/p\/bcnspiracy-2025\">Climate change and mental health at BCNspiracy 2025<\/a>\r\n            <\/div>\r\n    <div class=\"element element_2  excerpt \">\r\n        Michele De Prisco discussed the impact of climate change on mental health at the 2025 edition of BCNspiracy, held at            <\/div>\r\n            <a class=\"element element_3  read_more \"\r\n            target=\"\"\r\n            href=\"https:\/\/cosmocaixa.org\/es\/p\/bcnspiracy-2025\"><\/a>\r\n      <\/div>\n    <\/div>\n  <\/div><div class=\"item item-825 skin flat odd 1 \">\n        <div class=\"layer-wrapper layout-\">\n        <div class=\"layer-media\"><\/div>\n  <div class=\"layer-content\">\n        <div\r\n        class=\"element element_0  element-media \">\r\n        <a target=\"_self\" href=\"https:\/\/www.dciencia.es\/como-el-cerebro-humano-aprende-el-miedo\/\"><img loading=\"lazy\" decoding=\"async\" width=\"375\" height=\"225\" src=\"https:\/\/imardgroup.com\/web\/wp-content\/uploads\/2025\/12\/tmp_image_media.jpg\" class=\"attachment-large size-large wp-post-image\" alt=\"\" \/><\/a>    <\/div>\r\n    <div class=\"element element_1  title_link \">\r\n                    <a target=\"\"\r\n                href=\"https:\/\/www.dciencia.es\/como-el-cerebro-humano-aprende-el-miedo\/\">Outreach post on Dciencia: How does the human brain learn fear?<\/a>\r\n            <\/div>\r\n    <div class=\"element element_2  excerpt \">\r\n        In this Dciencia outreach post, Enric Vilajosana presents the key insights from our recent Nature Communications publication.            <\/div>\r\n            <a class=\"element element_3  read_more \"\r\n            target=\"\"\r\n            href=\"https:\/\/www.dciencia.es\/como-el-cerebro-humano-aprende-el-miedo\/\"><\/a>\r\n      <\/div>\n    <\/div>\n  <\/div><div class=\"item item-818 skin flat even 2 \">\n        <div class=\"layer-wrapper layout-\">\n        <div class=\"layer-media\"><\/div>\n  <div class=\"layer-content\">\n        <div\r\n        class=\"element element_0  element-media \">\r\n        <a target=\"_self\" href=\"https:\/\/www.aulaclinic.com\/media\/upload\/pdf\/\/251121b_i_jornadas_de_psiquiatria_digital_23_enero_2026_eva_editora_3_1337_1.pdf\"><img loading=\"lazy\" decoding=\"async\" width=\"375\" height=\"225\" src=\"https:\/\/imardgroup.com\/web\/wp-content\/uploads\/2025\/12\/251121b_i_jornadas_de_psiquiatria_digital_23_enero_2026_eva_editora_3_1337_1.png\" class=\"attachment-large size-large wp-post-image\" alt=\"\" \/><\/a>    <\/div>\r\n    <div class=\"element element_1  title_link \">\r\n                    <a target=\"\"\r\n                href=\"https:\/\/www.aulaclinic.com\/media\/upload\/pdf\/\/251121b_i_jornadas_de_psiquiatria_digital_23_enero_2026_eva_editora_3_1337_1.pdf\">I Jornada de Psiquiatr\u00eda Digital (23 de enero de 2026)<\/a>\r\n            <\/div>\r\n    <div class=\"element element_2  excerpt \">\r\n        Para conocer las nuevas tecnolog\u00edas digitales e inteligencia artificial en salud mental, con la participaci\u00f3n, entre otros, de Joaquim Radu\u00e0.            <\/div>\r\n            <a class=\"element element_3  read_more \"\r\n            target=\"\"\r\n            href=\"https:\/\/www.aulaclinic.com\/media\/upload\/pdf\/\/251121b_i_jornadas_de_psiquiatria_digital_23_enero_2026_eva_editora_3_1337_1.pdf\"><\/a>\r\n      <\/div>\n    <\/div>\n  <\/div><div class=\"item item-796 skin flat odd 3 \">\n        <div class=\"layer-wrapper layout-\">\n        <div class=\"layer-media\"><\/div>\n  <div class=\"layer-content\">\n        <div\r\n        class=\"element element_0  element-media \">\r\n        <a target=\"_self\" href=\"https:\/\/sepsm.org\/premios-sepsm-2025\/\"><img loading=\"lazy\" decoding=\"async\" width=\"375\" height=\"225\" src=\"https:\/\/imardgroup.com\/web\/wp-content\/uploads\/2025\/11\/2025_-Joaquim-Radua-Castano-1024x643_cp2.jpg\" class=\"attachment-large size-large wp-post-image\" alt=\"\" \/><\/a>    <\/div>\r\n    <div class=\"element element_1  title_link \">\r\n                    <a target=\"\"\r\n                href=\"https:\/\/sepsm.org\/premios-sepsm-2025\/\">Joaquim Radua receives the SEPSM Research Excellence Award 2025<\/a>\r\n            <\/div>\r\n    <div class=\"element element_2  excerpt \">\r\n        Prof. Joaquim Radua, leader of the IMARD group, has received the Research Excellence Award from the Sociedad Espa\u00f1ola de Psiquiatr\u00eda            <\/div>\r\n            <a class=\"element element_3  read_more \"\r\n            target=\"\"\r\n            href=\"https:\/\/sepsm.org\/premios-sepsm-2025\/\"><\/a>\r\n      <\/div>\n    <\/div>\n  <\/div><div class=\"item item-799 skin flat even 4 \">\n        <div class=\"layer-wrapper layout-\">\n        <div class=\"layer-media\"><\/div>\n  <div class=\"layer-content\">\n        <div\r\n        class=\"element element_0  element-media \">\r\n        <a target=\"_self\" href=\"https:\/\/knowledge-hub.ecnp.eu\/podcasts\/clinician-20-data-science-defining-future-mental-health\"><img loading=\"lazy\" decoding=\"async\" width=\"375\" height=\"225\" src=\"https:\/\/imardgroup.com\/web\/wp-content\/uploads\/2025\/11\/joaquim_radua_kh_image_use.png.jpg\" class=\"attachment-large size-large wp-post-image\" alt=\"\" \/><\/a>    <\/div>\r\n    <div class=\"element element_1  title_link \">\r\n                    <a target=\"\"\r\n                href=\"https:\/\/knowledge-hub.ecnp.eu\/podcasts\/clinician-20-data-science-defining-future-mental-health\">Clinician 2.0: Is data science defining the future of mental health?<\/a>\r\n            <\/div>\r\n    <div class=\"element element_2  excerpt \">\r\n        In this ECNP Brains on Brains podcast, Joaquim Radua and Michele De Prisco discuss how data science, predictive models, neuroimaging,            <\/div>\r\n            <a class=\"element element_3  read_more \"\r\n            target=\"\"\r\n            href=\"https:\/\/knowledge-hub.ecnp.eu\/podcasts\/clinician-20-data-science-defining-future-mental-health\"><\/a>\r\n      <\/div>\n    <\/div>\n  <\/div><div class=\"item item-747 skin flat odd 5 \">\n        <div class=\"layer-wrapper layout-\">\n        <div class=\"layer-media\"><\/div>\n  <div class=\"layer-content\">\n        <div\r\n        class=\"element element_0  element-media \">\r\n        <a target=\"_self\" href=\"https:\/\/imardgroup.com\/web\/predoctoral-positions-in-precision-psychiatry-for-bipolar-disorder\/\"><img loading=\"lazy\" decoding=\"async\" width=\"1024\" height=\"576\" src=\"https:\/\/imardgroup.com\/web\/wp-content\/uploads\/2025\/10\/90162d652a05ac31ac41c733d4815a6b472f75b0-1024x576.webp\" class=\"attachment-large size-large wp-post-image\" alt=\"\" \/><\/a>    <\/div>\r\n    <div class=\"element element_1  title_link \">\r\n                    <a target=\"\"\r\n                href=\"https:\/\/imardgroup.com\/web\/predoctoral-positions-in-precision-psychiatry-for-bipolar-disorder\/\">Predoctoral Positions in Precision Psychiatry for Bipolar Disorder<\/a>\r\n            <\/div>\r\n    <div class=\"element element_2  excerpt \">\r\n        \ud83c\udf0d\ud83e\udde0 Predoctoral Positions in Precision Psychiatry for Bipolar Disorder at IDIBAPS \u2013 Hospital Cl\u00ednic Barcelona with Profs. Radua and Vieta.            <\/div>\r\n            <a class=\"element element_3  read_more \"\r\n            target=\"\"\r\n            href=\"https:\/\/imardgroup.com\/web\/predoctoral-positions-in-precision-psychiatry-for-bipolar-disorder\/\"><\/a>\r\n      <\/div>\n    <\/div>\n  <\/div>    <\/div>\n    <div class=\"pagination\">\n      <div class=\"paginate\">\n    <span aria-current=\"page\" class=\"page-numbers current\">1<\/span>\n<a class=\"page-numbers\" href=\"https:\/\/imardgroup.com\/web\/wp-json\/wp\/v2\/pages\/28\/page\/2\/\">2<\/a>\n<a class=\"page-numbers\" href=\"https:\/\/imardgroup.com\/web\/wp-json\/wp\/v2\/pages\/28\/page\/3\/\">3<\/a>\n<a class=\"page-numbers\" href=\"https:\/\/imardgroup.com\/web\/wp-json\/wp\/v2\/pages\/28\/page\/4\/\">4<\/a>\n<a class=\"next page-numbers\" href=\"https:\/\/imardgroup.com\/web\/wp-json\/wp\/v2\/pages\/28\/page\/2\/\">Next \u00bb<\/a>  <\/div>\n  <style type=\"text\/css\">\n    #post-grid-377 .pagination .page-numbers {\n      font-size: 16px;\n      color: #fff;\n      background: #646464;\n    }\n\n    #post-grid-377 .pagination .page-numbers:hover,\n    #post-grid-377 .pagination .page-numbers.current {\n      background: #4b4b4b;\n    }\n  <\/style>\n  <\/div>\n      <script>\n          <\/script>\n    <style type=\"text\/css\">\n    #post-grid-377 .element_0 {\n      display: block;font-size: 21px;line-height: normal;padding: 5px 10px;text-align: left; text-decoration: none;    }\n\n    #post-grid-377 .element_1 {\n      display: block;font-size: 21px;line-height: normal;padding: 5px 10px;text-align: left; text-decoration: none;    }\n\n    #post-grid-377 .element_2 {\n      display: block;font-size: 14px;padding: 5px 10px;text-align: left;    }\n\n    #post-grid-377 .element_3 {\n      display: block;font-size: 12px;font-weight: bold;padding: 0 10px;text-align: left;text-decoration: none;    }\n\n    #post-grid-377 .element_0:hover{}#post-grid-377 .element_1:hover{}#post-grid-377 .element_2:hover{}#post-grid-377 .element_3:hover{}  <\/style>\n  <style type=\"text\/css\">\n    #post-grid-377 {\n          }\n\n    #post-grid-377 .item {\n      padding: 0px;\n      background: #fff;\n          }\n\n    #post-grid-377 .item .layer-media {\n      height:auto;    }\n\n    @media only screen and (min-width: 0px) and (max-width: 767px) {\n      #post-grid-377 .grid-items {\n        display: grid;\n        grid-template-columns: 1fr ;\n        column-gap: 10px;\n        row-gap: 10px;\n              }\n\n      #post-grid-377 .item {\n        height:auto;      }\n    }\n\n    @media only screen and (min-width: 768px) and (max-width: 1023px) {\n      #post-grid-377 .grid-items {\n        display: grid;\n        grid-template-columns: 1fr 1fr ;\n        column-gap: 10px;\n        row-gap: 10px;\n              }\n\n      #post-grid-377 .item {\n        max-height:auto;      }\n    }\n\n    @media only screen and (min-width: 1024px) {\n      #post-grid-377 .grid-items {\n        display: grid;\n        grid-template-columns: 1fr 1fr 1fr ;\n        column-gap: 10px;\n        row-gap: 10px;\n              }\n\n      #post-grid-377 .item {\n        height:auto;      }\n    }\n\n      <\/style>\n  <\/div>\n\n","protected":false},"excerpt":{"rendered":"<p>Imagen de los trastornos relacionados con el estado de \u00e1nimo y la ansiedad (IMARD) &#8220;Queremos determinar el mejor tratamiento&nbsp;para cada persona utilizando neuroimagen&#8221; &nbsp;Los trastornos del estado de \u00e1nimo y de ansiedad est\u00e1n entre las principales causas de discapacidad. Aproximadamente una de cada cuatro personas sufrir\u00e1 uno de estos trastornos a lo largo de su&#8230;<\/p>\n","protected":false},"author":1,"featured_media":0,"parent":0,"menu_order":0,"comment_status":"closed","ping_status":"closed","template":"","meta":{"_kad_post_transparent":"","_kad_post_title":"hide","_kad_post_layout":"","_kad_post_sidebar_id":"","_kad_post_content_style":"","_kad_post_vertical_padding":"","_kad_post_feature":"","_kad_post_feature_position":"","_kad_post_header":false,"_kad_post_footer":false,"_kad_post_classname":"","footnotes":"","_links_to":"","_links_to_target":""},"folder":[40],"class_list":["post-28","page","type-page","status-publish","hentry"],"_links":{"self":[{"href":"https:\/\/imardgroup.com\/web\/wp-json\/wp\/v2\/pages\/28","targetHints":{"allow":["GET"]}}],"collection":[{"href":"https:\/\/imardgroup.com\/web\/wp-json\/wp\/v2\/pages"}],"about":[{"href":"https:\/\/imardgroup.com\/web\/wp-json\/wp\/v2\/types\/page"}],"author":[{"embeddable":true,"href":"https:\/\/imardgroup.com\/web\/wp-json\/wp\/v2\/users\/1"}],"replies":[{"embeddable":true,"href":"https:\/\/imardgroup.com\/web\/wp-json\/wp\/v2\/comments?post=28"}],"version-history":[{"count":2,"href":"https:\/\/imardgroup.com\/web\/wp-json\/wp\/v2\/pages\/28\/revisions"}],"predecessor-version":[{"id":738,"href":"https:\/\/imardgroup.com\/web\/wp-json\/wp\/v2\/pages\/28\/revisions\/738"}],"wp:attachment":[{"href":"https:\/\/imardgroup.com\/web\/wp-json\/wp\/v2\/media?parent=28"}],"wp:term":[{"taxonomy":"folder","embeddable":true,"href":"https:\/\/imardgroup.com\/web\/wp-json\/wp\/v2\/folder?post=28"}],"curies":[{"name":"wp","href":"https:\/\/api.w.org\/{rel}","templated":true}]}}